{"id":1128,"date":"2021-01-26T15:36:40","date_gmt":"2021-01-26T15:36:40","guid":{"rendered":"https:\/\/studiodiforti.it\/?page_id=1128"},"modified":"2021-01-26T17:06:19","modified_gmt":"2021-01-26T17:06:19","slug":"privacy-policy","status":"publish","type":"page","link":"https:\/\/studiodiforti.it\/en\/privacy-policy\/","title":{"rendered":"Privacy Policy"},"content":{"rendered":"<div data-elementor-type=\"wp-post\" data-elementor-id=\"1128\" class=\"elementor elementor-1128\" data-elementor-settings=\"[]\">\n\t\t\t\t\t\t<div class=\"elementor-inner\">\n\t\t\t\t\t\t\t<div class=\"elementor-section-wrap\">\n\t\t\t\t\t\t\t<section class=\"elementor-section elementor-top-section elementor-element elementor-element-a131aab elementor-section-boxed elementor-section-height-default elementor-section-height-default\" data-id=\"a131aab\" data-element_type=\"section\" data-settings=\"{&quot;jet_parallax_layout_list&quot;:[{&quot;jet_parallax_layout_image&quot;:{&quot;url&quot;:&quot;&quot;,&quot;id&quot;:&quot;&quot;},&quot;_id&quot;:&quot;44bee2e&quot;,&quot;jet_parallax_layout_image_tablet&quot;:{&quot;url&quot;:&quot;&quot;,&quot;id&quot;:&quot;&quot;},&quot;jet_parallax_layout_image_mobile&quot;:{&quot;url&quot;:&quot;&quot;,&quot;id&quot;:&quot;&quot;},&quot;jet_parallax_layout_speed&quot;:{&quot;unit&quot;:&quot;%&quot;,&quot;size&quot;:50,&quot;sizes&quot;:[]},&quot;jet_parallax_layout_type&quot;:&quot;scroll&quot;,&quot;jet_parallax_layout_direction&quot;:null,&quot;jet_parallax_layout_fx_direction&quot;:null,&quot;jet_parallax_layout_z_index&quot;:&quot;&quot;,&quot;jet_parallax_layout_bg_x&quot;:50,&quot;jet_parallax_layout_bg_x_tablet&quot;:&quot;&quot;,&quot;jet_parallax_layout_bg_x_mobile&quot;:&quot;&quot;,&quot;jet_parallax_layout_bg_y&quot;:50,&quot;jet_parallax_layout_bg_y_tablet&quot;:&quot;&quot;,&quot;jet_parallax_layout_bg_y_mobile&quot;:&quot;&quot;,&quot;jet_parallax_layout_bg_size&quot;:&quot;auto&quot;,&quot;jet_parallax_layout_bg_size_tablet&quot;:&quot;&quot;,&quot;jet_parallax_layout_bg_size_mobile&quot;:&quot;&quot;,&quot;jet_parallax_layout_animation_prop&quot;:&quot;transform&quot;,&quot;jet_parallax_layout_on&quot;:[&quot;desktop&quot;,&quot;tablet&quot;]}]}\">\n\t\t\t\t\t\t<div class=\"elementor-container elementor-column-gap-default\">\n\t\t\t\t\t\t\t<div class=\"elementor-row\">\n\t\t\t\t\t<div class=\"elementor-column elementor-col-100 elementor-top-column elementor-element elementor-element-430f594\" data-id=\"430f594\" data-element_type=\"column\">\n\t\t\t<div class=\"elementor-column-wrap elementor-element-populated\">\n\t\t\t\t\t\t\t<div class=\"elementor-widget-wrap\">\n\t\t\t\t\t\t<div class=\"elementor-element elementor-element-c4e9298 elementor-widget elementor-widget-text-editor\" data-id=\"c4e9298\" data-element_type=\"widget\" data-widget_type=\"text-editor.default\">\n\t\t\t\t<div class=\"elementor-widget-container\">\n\t\t\t\t\t\t\t\t<div class=\"elementor-text-editor elementor-clearfix\">\n\t\t\t\t<h3>Informativa sul trattamento dei dati personali Sito Web<\/h3><p>In questa informativa ti forniamo tutte le informazioni riguardo al modo in cui acquisiamo e trattiamo i tuoi dati personali quando navighi o utilizzi i servizi del nostro sito.<\/p><p>I dati forniti a ROSARIO DI FORTI saranno trattati in conformit\u00e0 a quanto previsto dalla vigente normativa sulla privacy che trova il suo fondamento nel Regolamento UE 2016\/679 (GDPR) e nel codice in materia di protezione dei dati personali D. Lgs. 196\/03 come modificato dal D. Lgs. 101\/2018.<\/p><p>La presente Informativa ha lo scopo di informare l\u2019utente circa le modalit\u00e0 di trattamento dei dati personali che lo riguardano in modo il pi\u00f9 possibile semplice e dettagliato. Questa privacy policy, ovviamente, \u00e8 resa solo per ROSARIO DI FORTI e non anche per siti web di terze parti eventualmente consultati dall\u2019utente tramite link.<\/p><p><strong>Dati oggetto di trattamento<\/strong><\/p><p>Ti spieghiamo quali sono i dati che possono essere oggetto di trattamento navigando le pagine di questo sito web.<\/p><p><strong>Dati di navigazione<\/strong><\/p><p>I nostri sistemi e\/o quelli di aziende terze, con le quali abbiamo stretto accordi diretti o indiretti di collaborazione, potrebbero registrare diversi dati di connessione relativi alla tua sessione di navigazione: indirizzo IP, data ed orario di accesso, indirizzo della risorsa visualizzata (URL), eventuale pagina web di provenienza (referrer), browser e sistema operativo utilizzati. Tali dati possono consentire, solo a seguito di eventuali indagini effettuate dalle autorit\u00e0 giudiziarie, di risalire all\u2019identit\u00e0 del titolare della connessione Internet. In nessun caso i nostri addetti potranno risalire autonomamente all\u2019identit\u00e0 dei visitatori tramite tali dati di navigazione ed in nessun caso verr\u00e0 effettuato il ricongiungimento con altri dati in ns. possesso o in possesso di terzi.<\/p><p><strong>Cookie<\/strong><\/p><p>I nostri sistemi e\/o quelli di aziende terze, con le quali abbiamo stretto accordi diretti o indiretti di collaborazione, potrebbero trasmettere, al device dell\u2019utente, cookie di vario tipo e con diverse finalit\u00e0. Per maggiori informazioni circa i cookie e il loro utilizzo da parte ROSARIO DI FORTI e di aziende terze, vi invitiamo a consultare l\u2019informativa dettagliata.<\/p><p><strong>Dati conferiti in modo volontario<\/strong><\/p><p>Al fine dell\u2019accesso a determinati servizi o prestazioni potrebbe essere richiesta, da parte dell\u2019utente, la compilazione di moduli (come, ad esempio, moduli di contatto o moduli di registrazione) che prevedono la comunicazione di dati personali (ad esempio l\u2019indirizzo di posta elettronica). Tale conferimento di dati, talvolta, potr\u00e0 essere eseguito dall\u2019utente in via semplificata mediante procedure di \u201cconnessione\u201d con servizi esterni (come ad esempio Facebook Connect) i quali provvederanno, dopo l\u2019esplicito consenso dell\u2019interessato, a trasmetterci in modo automatico e per via telematica solo ed esclusivamente i dati richiesti ai fini dell\u2019iscrizione al servizio richiesto. L\u2019acquisizione dei dati, ove richiesta, \u00e8 il presupposto indispensabile per accedere ai servizi offerti dal nostro sito. Sono intesi come \u201cdati conferiti in modo volontario\u201d anche quelli che vengono inviati via posta elettronica (e-mail) per contattare un qualsiasi addetto della nostra struttura.<\/p><p><strong>Finalit\u00e0 del trattamento<\/strong><\/p><p>Ti spieghiamo perch\u00e9 acquisiamo e trattiamo i tuoi dati in relazione a specifiche finalit\u00e0.<\/p><p>Utilizziamo i dati di navigazione, i cookie ed i dati che ci vengono conferiti volontariamente dagli utenti solamente per gli scopi per i quali sono stati raccolti in particolare per la formulazione di preventivi in ambito assicurativo, consulenza previdenziale e intermediazione assicurativa.<\/p><p><strong>File di log e similari<\/strong><\/p><p>Per motivi di sicurezza, ed al fine di adempiere a specifici obblighi di legge, vengono registrati i dati tecnici di connessione degli utenti all\u2019interno di file di testo che vengono archiviati nel nostro server allo scopo di monitorare il corretto funzionamento del sito e proteggere i nostri sistemi da eventuali attacchi informatici. Altri software presenti sui nostri sistemi potrebbero compiere operazioni analoghe per finalit\u00e0 connesse alla sicurezza informatica.<\/p><p>\u00a0<\/p><p><strong>Widget di terze parti<\/strong><\/p><p>Potrebbero essere presenti, in talune pagine del sito, strumenti forniti da terze parti come ad esempio video, elementi prelevati da social network ed altre funzionalit\u00e0 remote. Tali strumenti possono interagire col sistema dell\u2019utente mediante l\u2019invio di cookie.<\/p><p>\u00a0<\/p><p>Moduli di contatto \/ Registrazione<\/p><p>\u00a0<\/p><p>I dati personali forniti volontariamente all\u2019interno degli appositi moduli vengono trattati:<\/p><p>\u00a0<\/p><p>per poter fornire i servizi richiesti (come, ad esempio, l\u2019iscrizione al Forum o ad altri servizi del network);<\/p><p>per poter erogare il servizio di newsletter o effettuare l\u2019invio di comunicazioni informative e\/o pubblicitarie;<\/p><p>per poter elaborare specifiche richieste degli utenti in modo automatico e\/o manuale (ad, esempio, per rispondere alle richieste di contatto inoltrate attraverso gli appositi moduli);<\/p><p>per effettuare eventuali operazioni di fatturazione (in caso di servizi a pagamento) e\/o adempiere a specifici obblighi di legge.<\/p><p>Newsletter \/ DEM<\/p><p>\u00a0<\/p><p>Con la registrazione attraverso gli appositi moduli disponibili all\u2019interno di diverse pagine del sito web, l\u2019indirizzo email dell\u2019utente viene acquisito ed inserito in una lista di contatti a cui potranno essere inviati, con o senza cadenza periodica, messaggi di posta elettronica contenenti informazioni, anche di natura commerciale e promozionale. I contenuti della comunicazione possono includere anche messaggi pubblicitari di aziende terze (DEM). L\u2019indirizzo email dell\u2019Utente potrebbe anche essere aggiunto a questa lista come risultato della registrazione a taluni servizi (come ad esempio il Forum).<\/p><p>\u00a0<\/p><p>Base giuridica del trattamento<\/p><p>\u00a0<\/p><p>Ti spieghiamo il fondamento giuridico su cui si basano i vari trattamenti di dati effettuati dal sito e ti spieghiamo quali sono i requisiti di validit\u00e0 del tuo eventuale consenso al trattamento dei tuoi dati personali.<\/p><p>\u00a0<\/p><p>Per taluni trattamenti non \u00e8 richiesto il consenso dell\u2019interessato. In particolare non \u00e8 prevista la possibilit\u00e0 di prestare o negare il consenso in merito alla registrazione di file di log, alla misurazione delle statistiche di accesso al sito ed all\u2019invio di cookie strettamente necessari al funzionamento tecnico e\/o commerciale del sito web. In tutti questi casi, infatti, sussiste un interesse legittimo in capo a ROSARIO DI FORTI per un\u00a0 corretto funzionamento della propria attivit\u00e0 online.<\/p><p>\u00a0<\/p><p>In tutte le altre circostanze, il trattamento si basa sul consenso dell\u2019interessato che \u00e8 libero di prestarlo o meno. Il consenso dell\u2019interessato \u00e8 indispensabile per le finalit\u00e0 di marketing come, ad esempio, l\u2019invio di informazioni commerciali tramite posta elettronica o l\u2019accettazione di cookie di profilazione per la visualizzazione di messaggi pubblicitari personalizzati.<\/p><p>\u00a0<\/p><p>\u00a0<\/p><p>\u00a0<\/p><p>\u00a0<\/p><p>\u00a0<\/p><p>\u00a0<\/p><p>\u00a0<\/p><p>Consenso dell\u2019interessato<\/p><p>\u00a0<\/p><p>In tutti i casi nei quali per il trattamento \u00e8 richiesto il consenso dell\u2019utente, questo deve essere consapevole, libero ed incondizionato. Il mancato conferimento dei dati, tuttavia, potrebbe comportare l\u2019impossibilit\u00e0 di ottenere taluni servizi o prestazioni (ad esempio, non si pu\u00f2 sottoscrivere il servizio di newsletter se non si presta il relativo consenso).<\/p><p>\u00a0<\/p><p>Per la validit\u00e0 del consenso \u00e8 richiesto che l\u2019interessato abbia compiuto almeno 14 anni di et\u00e0. L\u2019utilizzo di tutti i nostri servizi che comportano un trattamento di dati su base volontaria, pertanto, s\u2019intende precluso a chi non abbia raggiunto tale limite d\u2019et\u00e0.<\/p><p>\u00a0<\/p><p>Modalit\u00e0 del trattamento<\/p><p>\u00a0<\/p><p>Ti spieghiamo il modo in cui vengono gestiti i tuoi dati.<\/p><p>\u00a0<\/p><p>I dati oggetto di trattamento sono trattati con strumenti informatici in modo prevalentemente automatizzato con tecniche e accorgimenti tali da ridurre, il pi\u00f9 possibile, l\u2019intervento umano. L\u2019accesso manuale da parte di operatori autorizzati \u00e8 previsto solo in casi particolari e limitati.<\/p><p>\u00a0<\/p><p>Soggetti autorizzati ad accedere ai dati<\/p><p>\u00a0<\/p><p>Ti diciamo chi pu\u00f2 accedere ai dati che gestiamo in prima persona.<\/p><p>\u00a0<\/p><p>L\u2019accesso ai nostri sistemi \u00e8 consentito, oltre che ai nostri\u00a0 incaricati, agli addetti nominati al fine dell\u2019espletamento dei compiti di aggiornamento e manutenzione dei sistemi informatici a loro affidati.<\/p><p>\u00a0<\/p><p>Misure di sicurezza<\/p><p>\u00a0<\/p><p>Ti diciamo in che modo proteggiamo i tuoi dati.<\/p><p>\u00a0<\/p><p>Idonee misure di sicurezza sono osservate per prevenire la perdita dei dati, la loro manomissione, usi illeciti ed accessi non autorizzati.<\/p><p>\u00a0<\/p><p>Durata del trattamento<\/p><p>\u00a0<\/p><p>Ti spieghiamo per quanto tempo i tuoi dati verranno trattati all\u2019interno dei nostri sistemi.<\/p><p>\u00a0<\/p><p>I dati sono trattati per il tempo necessario allo svolgimento del servizio richiesto dall\u2019utente, o richiesto dalle finalit\u00e0 descritte in questo documento. L\u2019utente pu\u00f2 sempre chiedere l\u2019interruzione di specifici trattamenti (ad esempio la cancellazione dal servizio di newsletter) o la cancellazione integrale dei propri dati.<\/p><p>\u00a0<\/p><p>Taluni dati potrebbero essere conservati anche dopo la cancellazione per il periodo previsto per l\u2019adempimento di obblighi di legge, sempre che non risulti necessario conservarli ulteriormente per difendere o far valere un diritto o per adempiere a eventuali ulteriori obblighi di legge o ordini delle autorit\u00e0.<\/p><p>\u00a0<\/p><p>Titolare del trattamento<\/p><p>\u00a0<\/p><p>Ti indichiamo chi \u00e8 il titolare del trattamento ed in che modo puoi contattarlo per fare le tue domande o esercitare i tuoi diritti.<\/p><p>\u00a0<\/p><p>Titolare del trattamento dei dati personali\u00a0 ROSARIO DI FORTI \u2013 Via G. Verga 1 \u2013 93017 San Cataldo \u2013mail: info@studiodiforti.it \u2013 Tel. +39 3887430813<\/p><p>Diritti dell\u2019interessato<\/p><p>\u00a0<\/p><p>Ti spieghiamo quali sono i tuoi diritti ed in che modo puoi esercitarli.<\/p><p>\u00a0<\/p><p>I soggetti cui si riferiscono i sopra citati dati personali (c.d. \u201cinteressati\u201d), hanno la facolt\u00e0 di esercitare i propri diritti secondo le modalit\u00e0 e nei limiti previsti dalla vigente normativa privacy. In particolare all\u2019interessato sono riconosciuti i seguenti diritti:<\/p><p>\u00a0<\/p><p>accesso: l\u2019interessato ha diritto di chiedere se sia in essere o meno un trattamento di dati che lo riguarda e, in caso affermativo, ha diritto di conoscere tali dati.<\/p><p>rettifica: l\u2019interessato pu\u00f2 chiedere di rettificare o integrare i dati che ci ha fornito o comunque in nostro possesso, qualora inesatti.<\/p><p>cancellazione: l\u2019interessato pu\u00f2 chiedere che i suoi dati vengano cancellati, qualora non siano pi\u00f9 necessari alle finalit\u00e0 per le quali sono stati raccolti o in caso di revoca del consenso, di opposizione al trattamento, in caso di trattamento illecito, ovvero qualora sussista un obbligo legale di cancellazione;<\/p><p>limitazione: l\u2019interessato pu\u00f2 chiedere la limitazione del trattamento dei suoi dati personali, quando ricorre una delle condizioni di cui all\u2019art. 18 del GDPR; in tal caso, i suoi dati non saranno trattati, salvo che per la conservazione, senza il suo consenso fatta eccezione per quanto esplicitato nel medesimo articolo al comma 2.<\/p><p>opposizione: l\u2019interessato pu\u00f2 opporsi in qualunque momento al trattamento dei suoi dati effettuato sulla base di un nostro legittimo interesse, salvo che vi siano nostri motivi legittimi per procedere al trattamento che prevalgano sui suoi, per esempio per l\u2019esercizio o la nostra difesa in sede giudiziaria.<\/p><p>portabilit\u00e0: l\u2019interessato pu\u00f2 chiedere di ricevere i suoi dati, o di farli trasmettere ad altro titolare da lui indicato, in un formato strutturato, di uso comune e leggibile da dispositivo automatico.<\/p><p>Inoltre, ai sensi dell\u2019art. 7, par. 3, GDPR, la informiamo che pu\u00f2 esercitare in qualsiasi momento il suo diritto di revoca del consenso, senza che venga pregiudicata la liceit\u00e0 del trattamento basata sul consenso prestato antecedentemente.<\/p>\t\t\t\t\t<\/div>\n\t\t\t\t\t\t<\/div>\n\t\t\t\t<\/div>\n\t\t\t\t\t\t<\/div>\n\t\t\t\t\t<\/div>\n\t\t<\/div>\n\t\t\t\t\t\t\t\t<\/div>\n\t\t\t\t\t<\/div>\n\t\t<\/section>\n\t\t\t\t\t\t<\/div>\n\t\t\t\t\t\t<\/div>\n\t\t\t\t\t<\/div>","protected":false},"excerpt":{"rendered":"<p>Informativa sul trattamento dei dati personali Sito Web In questa informativa ti forniamo tutte le informazioni riguardo al modo in cui acquisiamo e trattiamo i tuoi dati personali quando navighi o utilizzi i servizi del nostro sito. I dati forniti a ROSARIO DI FORTI saranno trattati in conformit\u00e0 a quanto previsto dalla vigente normativa sulla [&hellip;]<\/p>","protected":false},"author":3,"featured_media":0,"parent":0,"menu_order":0,"comment_status":"closed","ping_status":"closed","template":"page-templates\/fullwidth-content.php","meta":{"_monsterinsights_skip_tracking":false,"_monsterinsights_sitenote_active":false,"_monsterinsights_sitenote_note":"","_monsterinsights_sitenote_category":0},"yoast_head":"<!-- This site is optimized with the Yoast SEO plugin v18.0 - https:\/\/yoast.com\/wordpress\/plugins\/seo\/ -->\n<title>Privacy Policy - Studio Di Forti<\/title>\n<meta name=\"robots\" content=\"index, follow, max-snippet:-1, max-image-preview:large, max-video-preview:-1\" \/>\n<link rel=\"canonical\" href=\"https:\/\/studiodiforti.it\/en\/privacy-policy\/\" \/>\n<meta property=\"og:locale\" content=\"en_GB\" \/>\n<meta property=\"og:type\" content=\"article\" \/>\n<meta property=\"og:title\" content=\"Privacy Policy - Studio Di Forti\" \/>\n<meta property=\"og:description\" content=\"Informativa sul trattamento dei dati personali Sito Web In questa informativa ti forniamo tutte le informazioni riguardo al modo in cui acquisiamo e trattiamo i tuoi dati personali quando navighi o utilizzi i servizi del nostro sito. I dati forniti a ROSARIO DI FORTI saranno trattati in conformit\u00e0 a quanto previsto dalla vigente normativa sulla [&hellip;]\" \/>\n<meta property=\"og:url\" content=\"https:\/\/studiodiforti.it\/en\/privacy-policy\/\" \/>\n<meta property=\"og:site_name\" content=\"Studio Di Forti\" \/>\n<meta property=\"article:modified_time\" content=\"2021-01-26T17:06:19+00:00\" \/>\n<meta name=\"twitter:card\" content=\"summary_large_image\" \/>\n<meta name=\"twitter:label1\" content=\"Estimated reading time\" \/>\n\t<meta name=\"twitter:data1\" content=\"8 minutes\" \/>\n<script type=\"application\/ld+json\" class=\"yoast-schema-graph\">{\"@context\":\"https:\/\/schema.org\",\"@graph\":[{\"@type\":\"WebSite\",\"@id\":\"https:\/\/studiodiforti.it\/#website\",\"url\":\"https:\/\/studiodiforti.it\/\",\"name\":\"Studio Di Forti\",\"description\":\"Studio Di Forti Consulenza Societaria Fiscale e del Lavoro\",\"potentialAction\":[{\"@type\":\"SearchAction\",\"target\":{\"@type\":\"EntryPoint\",\"urlTemplate\":\"https:\/\/studiodiforti.it\/?s={search_term_string}\"},\"query-input\":\"required name=search_term_string\"}],\"inLanguage\":\"en-GB\"},{\"@type\":\"WebPage\",\"@id\":\"https:\/\/studiodiforti.it\/privacy-policy\/#webpage\",\"url\":\"https:\/\/studiodiforti.it\/privacy-policy\/\",\"name\":\"Privacy Policy - Studio Di Forti\",\"isPartOf\":{\"@id\":\"https:\/\/studiodiforti.it\/#website\"},\"datePublished\":\"2021-01-26T15:36:40+00:00\",\"dateModified\":\"2021-01-26T17:06:19+00:00\",\"breadcrumb\":{\"@id\":\"https:\/\/studiodiforti.it\/privacy-policy\/#breadcrumb\"},\"inLanguage\":\"en-GB\",\"potentialAction\":[{\"@type\":\"ReadAction\",\"target\":[\"https:\/\/studiodiforti.it\/privacy-policy\/\"]}]},{\"@type\":\"BreadcrumbList\",\"@id\":\"https:\/\/studiodiforti.it\/privacy-policy\/#breadcrumb\",\"itemListElement\":[{\"@type\":\"ListItem\",\"position\":1,\"name\":\"Home\",\"item\":\"https:\/\/studiodiforti.it\/\"},{\"@type\":\"ListItem\",\"position\":2,\"name\":\"Privacy Policy\"}]}]}<\/script>\n<!-- \/ Yoast SEO plugin. -->","yoast_head_json":{"title":"Privacy Policy - Studio Di Forti","robots":{"index":"index","follow":"follow","max-snippet":"max-snippet:-1","max-image-preview":"max-image-preview:large","max-video-preview":"max-video-preview:-1"},"canonical":"https:\/\/studiodiforti.it\/en\/privacy-policy\/","og_locale":"en_GB","og_type":"article","og_title":"Privacy Policy - Studio Di Forti","og_description":"Informativa sul trattamento dei dati personali Sito Web In questa informativa ti forniamo tutte le informazioni riguardo al modo in cui acquisiamo e trattiamo i tuoi dati personali quando navighi o utilizzi i servizi del nostro sito. I dati forniti a ROSARIO DI FORTI saranno trattati in conformit\u00e0 a quanto previsto dalla vigente normativa sulla [&hellip;]","og_url":"https:\/\/studiodiforti.it\/en\/privacy-policy\/","og_site_name":"Studio Di Forti","article_modified_time":"2021-01-26T17:06:19+00:00","twitter_card":"summary_large_image","twitter_misc":{"Estimated reading time":"8 minutes"},"schema":{"@context":"https:\/\/schema.org","@graph":[{"@type":"WebSite","@id":"https:\/\/studiodiforti.it\/#website","url":"https:\/\/studiodiforti.it\/","name":"Studio Di Forti","description":"Studio Di Forti Consulenza Societaria Fiscale e del Lavoro","potentialAction":[{"@type":"SearchAction","target":{"@type":"EntryPoint","urlTemplate":"https:\/\/studiodiforti.it\/?s={search_term_string}"},"query-input":"required name=search_term_string"}],"inLanguage":"en-GB"},{"@type":"WebPage","@id":"https:\/\/studiodiforti.it\/privacy-policy\/#webpage","url":"https:\/\/studiodiforti.it\/privacy-policy\/","name":"Privacy Policy - Studio Di Forti","isPartOf":{"@id":"https:\/\/studiodiforti.it\/#website"},"datePublished":"2021-01-26T15:36:40+00:00","dateModified":"2021-01-26T17:06:19+00:00","breadcrumb":{"@id":"https:\/\/studiodiforti.it\/privacy-policy\/#breadcrumb"},"inLanguage":"en-GB","potentialAction":[{"@type":"ReadAction","target":["https:\/\/studiodiforti.it\/privacy-policy\/"]}]},{"@type":"BreadcrumbList","@id":"https:\/\/studiodiforti.it\/privacy-policy\/#breadcrumb","itemListElement":[{"@type":"ListItem","position":1,"name":"Home","item":"https:\/\/studiodiforti.it\/"},{"@type":"ListItem","position":2,"name":"Privacy Policy"}]}]}},"_links":{"self":[{"href":"https:\/\/studiodiforti.it\/en\/wp-json\/wp\/v2\/pages\/1128"}],"collection":[{"href":"https:\/\/studiodiforti.it\/en\/wp-json\/wp\/v2\/pages"}],"about":[{"href":"https:\/\/studiodiforti.it\/en\/wp-json\/wp\/v2\/types\/page"}],"author":[{"embeddable":true,"href":"https:\/\/studiodiforti.it\/en\/wp-json\/wp\/v2\/users\/3"}],"replies":[{"embeddable":true,"href":"https:\/\/studiodiforti.it\/en\/wp-json\/wp\/v2\/comments?post=1128"}],"version-history":[{"count":7,"href":"https:\/\/studiodiforti.it\/en\/wp-json\/wp\/v2\/pages\/1128\/revisions"}],"predecessor-version":[{"id":1137,"href":"https:\/\/studiodiforti.it\/en\/wp-json\/wp\/v2\/pages\/1128\/revisions\/1137"}],"wp:attachment":[{"href":"https:\/\/studiodiforti.it\/en\/wp-json\/wp\/v2\/media?parent=1128"}],"curies":[{"name":"wp","href":"https:\/\/api.w.org\/{rel}","templated":true}]}}